{"id":7,"date":"2023-10-26T07:37:53","date_gmt":"2023-10-26T07:37:53","guid":{"rendered":"https:\/\/boutique.lydiearickx.com\/index.php\/boutique\/"},"modified":"2024-04-17T13:20:21","modified_gmt":"2024-04-17T13:20:21","slug":"boutique","status":"publish","type":"page","link":"https:\/\/boutique.lydiearickx.com\/","title":{"rendered":"Le R\u00e9serVoir"},"content":{"rendered":"<p>[et_pb_section fb_built=\u00a0\u00bb1&Prime; _builder_version=\u00a0\u00bb4.24.2&Prime; _module_preset=\u00a0\u00bbdefault\u00a0\u00bb background_color=\u00a0\u00bb#000000&Prime; global_colors_info=\u00a0\u00bb{}\u00a0\u00bb][et_pb_row _builder_version=\u00a0\u00bb4.24.2&Prime; _module_preset=\u00a0\u00bbdefault\u00a0\u00bb global_colors_info=\u00a0\u00bb{}\u00a0\u00bb][et_pb_column type=\u00a0\u00bb4_4&Prime; _builder_version=\u00a0\u00bb4.24.2&Prime; _module_preset=\u00a0\u00bbdefault\u00a0\u00bb global_colors_info=\u00a0\u00bb{}\u00a0\u00bb][et_pb_image src=\u00a0\u00bbhttps:\/\/boutique.lydiearickx.com\/wp-content\/uploads\/2024\/03\/Logo-1.png\u00a0\u00bb title_text=\u00a0\u00bbLogo-1&Prime; align=\u00a0\u00bbcenter\u00a0\u00bb _builder_version=\u00a0\u00bb4.24.2&Prime; _module_preset=\u00a0\u00bbdefault\u00a0\u00bb global_colors_info=\u00a0\u00bb{}\u00a0\u00bb][\/et_pb_image][et_pb_post_title meta=\u00a0\u00bboff\u00a0\u00bb featured_image=\u00a0\u00bboff\u00a0\u00bb text_color=\u00a0\u00bblight\u00a0\u00bb _builder_version=\u00a0\u00bb4.24.2&Prime; _module_preset=\u00a0\u00bbdefault\u00a0\u00bb title_text_align=\u00a0\u00bbcenter\u00a0\u00bb global_colors_info=\u00a0\u00bb{}\u00a0\u00bb][\/et_pb_post_title][et_pb_text _builder_version=\u00a0\u00bb4.24.2&Prime; _module_preset=\u00a0\u00bbdefault\u00a0\u00bb text_orientation=\u00a0\u00bbcenter\u00a0\u00bb background_layout=\u00a0\u00bbdark\u00a0\u00bb global_colors_info=\u00a0\u00bb{}\u00a0\u00bb]<\/p>\n<p style=\"font-weight: 400;\">Chers souscripteurs, chers amis,<\/p>\n<p style=\"font-weight: 400;\">Vous trouverez ci-dessous une liste d\u2019<strong>\u0153uvres originales <\/strong>de Lydie Arickx au format unique<br \/><strong>21 x 29,7cm<\/strong>.<\/p>\n<p style=\"font-weight: 400;\">Cette <strong>galerie virtuelle \u00e9ph\u00e9m\u00e8re<\/strong> vous est rendue accessible par une page priv\u00e9e non r\u00e9f\u00e9renc\u00e9e \u00e0 titre exceptionnel.<\/p>\n<p style=\"font-weight: 400;\">Vous \u00eates libres de choisir une ou plusieurs \u0153uvres dans la liste ci-dessous et de l\u2019<strong>ajouter au panier<\/strong>.<\/p>\n<p style=\"font-weight: 400;\">Apr\u00e8s confirmation, une <strong>preuve de paiement<\/strong> vous sera automatiquement envoy\u00e9e par mail ainsi qu\u2019une <strong>facture<\/strong> avec l\u2019\u0153uvre en r\u00e9f\u00e9rence.<\/p>\n<p style=\"font-weight: 400;\">Merci \u00e0 nouveau pour votre soutien et votre g\u00e9n\u00e9reuse contribution.<\/p>\n<p>[\/et_pb_text][\/et_pb_column][\/et_pb_row][\/et_pb_section][et_pb_section fb_built=\u00a0\u00bb1&Prime; _builder_version=\u00a0\u00bb4.24.2&Prime; _module_preset=\u00a0\u00bbdefault\u00a0\u00bb background_color=\u00a0\u00bb#000000&Prime; global_colors_info=\u00a0\u00bb{}\u00a0\u00bb][et_pb_row _builder_version=\u00a0\u00bb4.24.2&Prime; _module_preset=\u00a0\u00bbdefault\u00a0\u00bb global_colors_info=\u00a0\u00bb{}\u00a0\u00bb][et_pb_column type=\u00a0\u00bb4_4&Prime; _builder_version=\u00a0\u00bb4.24.2&Prime; _module_preset=\u00a0\u00bbdefault\u00a0\u00bb global_colors_info=\u00a0\u00bb{}\u00a0\u00bb][et_pb_shop posts_number=\u00a0\u00bb48&Prime; show_pagination=\u00a0\u00bbon\u00a0\u00bb columns_number=\u00a0\u00bb4&Prime; sale_badge_color=\u00a0\u00bb#FFFFFF\u00a0\u00bb show_price=\u00a0\u00bboff\u00a0\u00bb show_rating=\u00a0\u00bboff\u00a0\u00bb _builder_version=\u00a0\u00bb4.24.2&Prime; _module_preset=\u00a0\u00bbdefault\u00a0\u00bb title_text_color=\u00a0\u00bb#FFFFFF\u00a0\u00bb price_text_align=\u00a0\u00bbcenter\u00a0\u00bb price_text_color=\u00a0\u00bb#FFFFFF\u00a0\u00bb text_orientation=\u00a0\u00bbcenter\u00a0\u00bb hover_enabled=\u00a0\u00bb0&Prime; global_colors_info=\u00a0\u00bb{}\u00a0\u00bb show_sale_badge=\u00a0\u00bboff\u00a0\u00bb sticky_enabled=\u00a0\u00bb0&Prime;][\/et_pb_shop][\/et_pb_column][\/et_pb_row][\/et_pb_section]<\/p>\n","protected":false},"excerpt":{"rendered":"<p>Chers souscripteurs, chers amis, Vous trouverez ci-dessous une liste d\u2019\u0153uvres originales de Lydie Arickx au format unique21 x 29,7cm. Cette galerie virtuelle \u00e9ph\u00e9m\u00e8re vous est rendue accessible par une page priv\u00e9e non r\u00e9f\u00e9renc\u00e9e \u00e0 titre exceptionnel. Vous \u00eates libres de choisir une ou plusieurs \u0153uvres dans la liste ci-dessous et de l\u2019ajouter au panier. Apr\u00e8s [&hellip;]<\/p>\n","protected":false},"author":1,"featured_media":0,"parent":0,"menu_order":0,"comment_status":"closed","ping_status":"closed","template":"","meta":{"_et_pb_use_builder":"on","_et_pb_old_content":"","_et_gb_content_width":"","footnotes":""},"class_list":["post-7","page","type-page","status-publish","hentry"],"yoast_head":"<!-- This site is optimized with the Yoast SEO plugin v21.4 - https:\/\/yoast.com\/wordpress\/plugins\/seo\/ -->\n<title>Le R\u00e9serVoir - Le R\u00e9serVoir<\/title>\n<meta name=\"robots\" content=\"index, follow, max-snippet:-1, max-image-preview:large, max-video-preview:-1\" \/>\n<link rel=\"canonical\" href=\"https:\/\/boutique.lydiearickx.com\/\" \/>\n<meta property=\"og:locale\" content=\"fr_FR\" \/>\n<meta property=\"og:type\" content=\"article\" \/>\n<meta property=\"og:title\" content=\"Le R\u00e9serVoir - Le R\u00e9serVoir\" \/>\n<meta property=\"og:description\" content=\"Chers souscripteurs, chers amis, Vous trouverez ci-dessous une liste d\u2019\u0153uvres originales de Lydie Arickx au format unique21 x 29,7cm. Cette galerie virtuelle \u00e9ph\u00e9m\u00e8re vous est rendue accessible par une page priv\u00e9e non r\u00e9f\u00e9renc\u00e9e \u00e0 titre exceptionnel. Vous \u00eates libres de choisir une ou plusieurs \u0153uvres dans la liste ci-dessous et de l\u2019ajouter au panier. Apr\u00e8s [&hellip;]\" \/>\n<meta property=\"og:url\" content=\"https:\/\/boutique.lydiearickx.com\/\" \/>\n<meta property=\"og:site_name\" content=\"Le R\u00e9serVoir\" \/>\n<meta property=\"article:modified_time\" content=\"2024-04-17T13:20:21+00:00\" \/>\n<meta name=\"twitter:card\" content=\"summary_large_image\" \/>\n<script type=\"application\/ld+json\" class=\"yoast-schema-graph\">{\"@context\":\"https:\/\/schema.org\",\"@graph\":[{\"@type\":\"WebPage\",\"@id\":\"https:\/\/boutique.lydiearickx.com\/\",\"url\":\"https:\/\/boutique.lydiearickx.com\/\",\"name\":\"Le R\u00e9serVoir - Le R\u00e9serVoir\",\"isPartOf\":{\"@id\":\"https:\/\/boutique.lydiearickx.com\/#website\"},\"datePublished\":\"2023-10-26T07:37:53+00:00\",\"dateModified\":\"2024-04-17T13:20:21+00:00\",\"breadcrumb\":{\"@id\":\"https:\/\/boutique.lydiearickx.com\/#breadcrumb\"},\"inLanguage\":\"fr-FR\",\"potentialAction\":[{\"@type\":\"ReadAction\",\"target\":[\"https:\/\/boutique.lydiearickx.com\/\"]}]},{\"@type\":\"BreadcrumbList\",\"@id\":\"https:\/\/boutique.lydiearickx.com\/#breadcrumb\",\"itemListElement\":[{\"@type\":\"ListItem\",\"position\":1,\"name\":\"Accueil\",\"item\":\"https:\/\/boutique.lydiearickx.com\/\"},{\"@type\":\"ListItem\",\"position\":2,\"name\":\"Le R\u00e9serVoir\"}]},{\"@type\":\"WebSite\",\"@id\":\"https:\/\/boutique.lydiearickx.com\/#website\",\"url\":\"https:\/\/boutique.lydiearickx.com\/\",\"name\":\"Le R\u00e9serVoir\",\"description\":\"\",\"potentialAction\":[{\"@type\":\"SearchAction\",\"target\":{\"@type\":\"EntryPoint\",\"urlTemplate\":\"https:\/\/boutique.lydiearickx.com\/?s={search_term_string}\"},\"query-input\":\"required name=search_term_string\"}],\"inLanguage\":\"fr-FR\"}]}<\/script>\n<!-- \/ Yoast SEO plugin. -->","yoast_head_json":{"title":"Le R\u00e9serVoir - Le R\u00e9serVoir","robots":{"index":"index","follow":"follow","max-snippet":"max-snippet:-1","max-image-preview":"max-image-preview:large","max-video-preview":"max-video-preview:-1"},"canonical":"https:\/\/boutique.lydiearickx.com\/","og_locale":"fr_FR","og_type":"article","og_title":"Le R\u00e9serVoir - Le R\u00e9serVoir","og_description":"Chers souscripteurs, chers amis, Vous trouverez ci-dessous une liste d\u2019\u0153uvres originales de Lydie Arickx au format unique21 x 29,7cm. Cette galerie virtuelle \u00e9ph\u00e9m\u00e8re vous est rendue accessible par une page priv\u00e9e non r\u00e9f\u00e9renc\u00e9e \u00e0 titre exceptionnel. Vous \u00eates libres de choisir une ou plusieurs \u0153uvres dans la liste ci-dessous et de l\u2019ajouter au panier. Apr\u00e8s [&hellip;]","og_url":"https:\/\/boutique.lydiearickx.com\/","og_site_name":"Le R\u00e9serVoir","article_modified_time":"2024-04-17T13:20:21+00:00","twitter_card":"summary_large_image","schema":{"@context":"https:\/\/schema.org","@graph":[{"@type":"WebPage","@id":"https:\/\/boutique.lydiearickx.com\/","url":"https:\/\/boutique.lydiearickx.com\/","name":"Le R\u00e9serVoir - Le R\u00e9serVoir","isPartOf":{"@id":"https:\/\/boutique.lydiearickx.com\/#website"},"datePublished":"2023-10-26T07:37:53+00:00","dateModified":"2024-04-17T13:20:21+00:00","breadcrumb":{"@id":"https:\/\/boutique.lydiearickx.com\/#breadcrumb"},"inLanguage":"fr-FR","potentialAction":[{"@type":"ReadAction","target":["https:\/\/boutique.lydiearickx.com\/"]}]},{"@type":"BreadcrumbList","@id":"https:\/\/boutique.lydiearickx.com\/#breadcrumb","itemListElement":[{"@type":"ListItem","position":1,"name":"Accueil","item":"https:\/\/boutique.lydiearickx.com\/"},{"@type":"ListItem","position":2,"name":"Le R\u00e9serVoir"}]},{"@type":"WebSite","@id":"https:\/\/boutique.lydiearickx.com\/#website","url":"https:\/\/boutique.lydiearickx.com\/","name":"Le R\u00e9serVoir","description":"","potentialAction":[{"@type":"SearchAction","target":{"@type":"EntryPoint","urlTemplate":"https:\/\/boutique.lydiearickx.com\/?s={search_term_string}"},"query-input":"required name=search_term_string"}],"inLanguage":"fr-FR"}]}},"jetpack_sharing_enabled":true,"_links":{"self":[{"href":"https:\/\/boutique.lydiearickx.com\/index.php\/wp-json\/wp\/v2\/pages\/7","targetHints":{"allow":["GET"]}}],"collection":[{"href":"https:\/\/boutique.lydiearickx.com\/index.php\/wp-json\/wp\/v2\/pages"}],"about":[{"href":"https:\/\/boutique.lydiearickx.com\/index.php\/wp-json\/wp\/v2\/types\/page"}],"author":[{"embeddable":true,"href":"https:\/\/boutique.lydiearickx.com\/index.php\/wp-json\/wp\/v2\/users\/1"}],"replies":[{"embeddable":true,"href":"https:\/\/boutique.lydiearickx.com\/index.php\/wp-json\/wp\/v2\/comments?post=7"}],"version-history":[{"count":8,"href":"https:\/\/boutique.lydiearickx.com\/index.php\/wp-json\/wp\/v2\/pages\/7\/revisions"}],"predecessor-version":[{"id":632,"href":"https:\/\/boutique.lydiearickx.com\/index.php\/wp-json\/wp\/v2\/pages\/7\/revisions\/632"}],"wp:attachment":[{"href":"https:\/\/boutique.lydiearickx.com\/index.php\/wp-json\/wp\/v2\/media?parent=7"}],"curies":[{"name":"wp","href":"https:\/\/api.w.org\/{rel}","templated":true}]}}